{"id":2117,"date":"2024-06-16T16:49:54","date_gmt":"2024-06-16T14:49:54","guid":{"rendered":"https:\/\/www.airsports.sk\/web\/?page_id=2117"},"modified":"2024-06-16T16:55:34","modified_gmt":"2024-06-16T14:55:34","slug":"ochrana-osobnych-udajov","status":"publish","type":"page","link":"https:\/\/www.airsports.sk\/web\/ochrana-osobnych-udajov\/","title":{"rendered":"Ochrana osobn\u00fdch \u00fadajov"},"content":{"rendered":"\t\t<div data-elementor-type=\"wp-page\" data-elementor-id=\"2117\" class=\"elementor elementor-2117\">\n\t\t\t\t<div class=\"elementor-element elementor-element-469d349 e-flex e-con-boxed e-con e-parent\" data-id=\"469d349\" data-element_type=\"container\" data-e-type=\"container\">\n\t\t\t\t\t<div class=\"e-con-inner\">\n\t\t\t\t<div class=\"elementor-element elementor-element-28e8c98 elementor-widget elementor-widget-heading\" data-id=\"28e8c98\" data-element_type=\"widget\" data-e-type=\"widget\" data-widget_type=\"heading.default\">\n\t\t\t\t<div class=\"elementor-widget-container\">\n\t\t\t\t\t<h2 class=\"elementor-heading-title elementor-size-default\">S\u00fahlas so spracovan\u00edm osobn\u00fdch \u00fadajov<\/h2>\t\t\t\t<\/div>\n\t\t\t\t<\/div>\n\t\t\t\t<div class=\"elementor-element elementor-element-0b7b42d elementor-widget elementor-widget-text-editor\" data-id=\"0b7b42d\" data-element_type=\"widget\" data-e-type=\"widget\" data-widget_type=\"text-editor.default\">\n\t\t\t\t<div class=\"elementor-widget-container\">\n\t\t\t\t\t\t\t\t\t<p>S\u00fahlas so spracovan\u00edm osobn\u00fdch \u00fadajov, ktor\u00e9 z\u00edskavame s va\u0161\u00edm dobrovo\u013en\u00fdm s\u00fahlasom registr\u00e1ciou na str\u00e1nke\u00a0<strong>www.airsports.sk<\/strong>, pri vyplnen\u00ed webov\u00fdch formul\u00e1rov alebo ebookov, nepodlieha zmluvn\u00e9mu obchodn\u00e9mu vz\u0165ahu. Osobn\u00e9 \u00fadaje s\u00fa v tomto pr\u00edpade z\u00edskavan\u00e9 a spracov\u00e1van\u00e9 pod\u013ea z\u00e1kona \u010d. 704\/2017 Z.z o ochrane osobn\u00fdch \u00fadajov,\u00a0pod\u013ea \u010dl\u00e1nku 6 ods. 1 p\u00edsm. b) Nariadenie Eur\u00f3pskeho parlamentu a Rady 2016\/679,\u00a0ktor\u00fd nadob\u00fada platnos\u0165 25.5.2018.<br \/>Ako ich z\u00edskame.<br \/>V tomto pr\u00edpade sa osobn\u00e9 \u00fadaje zaznamen\u00e1vaj\u00fa do na\u0161ej datab\u00e1zy len vtedy, ke\u010f n\u00e1m poskytnete s\u00fahlas z vlastnej v\u00f4le, na konkr\u00e9tny \u00fa\u010del, napr\u00edklad v r\u00e1mci registr\u00e1cie na str\u00e1nke alebo cez webov\u00fd formul\u00e1r (kde dobrovo\u013ene za\u0161krtnete konkr\u00e9tny \u00fa\u010del).<br \/>Na ak\u00fd \u00fa\u010del m\u00f4\u017eu va\u0161e osobn\u00e9 \u00fadaje pou\u017eit\u00e9 (iba v pr\u00edpade v\u00e1\u0161ho s\u00fahlasu), zasielanie emailov:<\/p><ol><li>ozn\u00e1menia o vhodn\u00fdch term\u00ednoch na poskytnutie slu\u017eby<\/li><li>obchodn\u00e9 ponuky slu\u017eieb, akcie<\/li><li>v pr\u00edpade vyplnenia registra\u010dn\u00e9ho formul\u00e1ra na str\u00e1nke www.airsports.sk s\u00fa va\u0161e osobn\u00e9 \u00fadaje ulo\u017een\u00e9 v datab\u00e1ze u\u017e\u00edvate\u013eov a nie s\u00fa poskytovan\u00e9 \u017eiadnym tret\u00edm stran\u00e1m.<\/li><\/ol><p>Vyplnen\u00edm \u00fadajov do webov\u00e9ho formul\u00e1ra, vy sami zad\u00e1vate podmienky u\u017e\u00edvania va\u0161ich osobn\u00fdch \u00fadajov a n\u00e1m d\u00e1vate V\u00e1\u0161 s\u00fahlas so spracovan\u00edm osobn\u00fdch \u00fadajov. Pod\u013ea NARIADENIA EUR\u00d3PSKEHO PARLAMENTU A RADY (E\u00da) 2016\/679\u00a0 spracov\u00e1vame va\u0161e osobn\u00e9 \u00fadaje a vy m\u00e1te mo\u017enos\u0165, pod\u013ea z\u00e1konn\u00fdch podmienok, sa odhl\u00e1si\u0165 a V\u00e1\u0161 s\u00fahlas, tak vzia\u0165 nasp\u00e4\u0165.<br \/>V pr\u00edpade, ak pri vyplnen\u00ed webov\u00e9ho formul\u00e1ra, s\u00fahlas\u00edte so zasielan\u00edm emailov, va\u0161e osobn\u00e9 \u00fadaje s\u00fa zaznamenan\u00e9 v na\u0161ej datab\u00e1ze, ktor\u00e1 podlieha nariadeniu o ochrane osobn\u00fdch \u00fadajov EUR\u00d3PSKEHO PARLAMENTU A RADY (E\u00da) 2016\/679, kde ich spracov\u00e1vame iba na konkr\u00e9tny \u00fa\u010del, na ktor\u00fd ste n\u00e1m dali dobrovo\u013en\u00fd s\u00fahlas. Va\u0161e osobn\u00e9 \u00fadaje s\u00fa spracovan\u00e9 na marketingov\u00e9 \u00fa\u010dely alebo obchodn\u00e9 ozn\u00e1menia, prostredn\u00edctvom elektronick\u00fdch prostriedkov a to na dobu do odvolania s\u00fahlasu z va\u0161ej strany.<br \/>V pr\u00edpade, ak nebudete s\u00fahlasi\u0165 so zasielan\u00edm emailov, ani sa nestanete na\u0161\u00edm z\u00e1kazn\u00edkom, bud\u00fa va\u0161e osobn\u00e9 \u00fadaje (meno, emailov\u00e1 adresa), zaznamenan\u00e9 iba na odoslanie webov\u00e9ho formul\u00e1ra, eBooku a potvrdenie emailovej adresy.<br \/>Pou\u017e\u00edvame va\u0161e \u00fadaje iba s va\u0161\u00edm dobrovo\u013en\u00fdm s\u00fahlasom, aby sme V\u00e1s mohli informova\u0165 o na\u0161ich produktoch a slu\u017eb\u00e1ch, pr\u00edpadne zisti\u0165 V\u00e1\u0161 n\u00e1zor. \u00da\u010das\u0165 na t\u00fdchto akci\u00e1ch je samozrejme dobrovo\u013en\u00e1. Pokia\u013e by ste s nimi nes\u00fahlasili, m\u00f4\u017eete n\u00e1m to kedyko\u013evek ozn\u00e1mi\u0165 a my urob\u00edme n\u00e1pravu. V pr\u00edpade emailovej komunik\u00e1cie sa z odberu emailov m\u00f4\u017eete kedyko\u013evek odhl\u00e1si\u0165 s pomocou odkazu na odhl\u00e1senie uveden\u00e9ho v z\u00e1p\u00e4t\u00ed ka\u017ed\u00e9ho emailu. Alebo odoslan\u00edm sms spr\u00e1vy.<br \/><br \/><strong>Odvolanie s\u00fahlasu<\/strong><br \/>U\u017e\u00edvatelia paragliding-tandem.sk m\u00f4\u017eu kedyko\u013evek zru\u0161i\u0165 s\u00fahlas so zasielan\u00edm emailov a obchodn\u00fdch ozn\u00e1men\u00ed, a to:<\/p><ul><li>namieta\u0165 proti spracovaniu osobn\u00fdch \u00fadajov na paragliding-tandem.sk na e-mailovej adrese airsports@airsports.sk alebo na tel. \u010d\u00edsle 0944 369 496.<\/li><\/ul><p>Takisto m\u00f4\u017eu u\u017e\u00edvatelia str\u00e1nky airsports.sk po\u017eiada\u0165 o v\u00fdmaz \u00fadajov z datab\u00e1zy u\u017e\u00edvate\u013eov str\u00e1nky.<br \/><br \/><strong>Kto m\u00e1 pr\u00edstup k osobn\u00fdm \u00fadajom<\/strong><br \/>V prvom rade s\u00fa osobn\u00e9 \u00fadaje spracov\u00e1van\u00e9\u00a0<strong>Airsports s.r.o<\/strong>. V\u0161etky osoby, ktor\u00e9 maj\u00fa pr\u00edstup k\u00a0osobn\u00fdm \u00fadajom s\u00fa zaviazan\u00e9 k\u00a0ml\u010danlivosti a\u00a0tento z\u00e1v\u00e4zok trv\u00e1 aj po skon\u010den\u00ed ich spolupr\u00e1ce.<br \/>Marek Pole\u0161ensk\u00fd \u010falej ako spr\u00e1vca poveruje spracovan\u00edm osobn\u00fdch \u00fadajov \u010fal\u0161ie subjekty, ako tzv.\u00a0spracovate\u013eov. Spracovate\u013eom je ka\u017ed\u00fd org\u00e1n, ktor\u00fd sprac\u00fava osobn\u00e9 \u00fadaje pre na\u0161u spolo\u010dnos\u0165 na \u00fa\u010dely a\u00a0sp\u00f4sobom, ktor\u00e9 im stanov\u00edme. V\u00a0pr\u00edpade, ke\u010f je so spracovan\u00edm vy\u017eadovan\u00fd V\u00e1\u0161 s\u00fahlas, odovzd\u00e1vame \u00fadaje spracovate\u013eom iba v\u00a0pr\u00edpade, \u017ee ste s\u00fahlas udelili. Spracovate\u013eom odovzd\u00e1vame iba tie \u00fadaje, ktor\u00e9 nevyhnutne potrebuj\u00fa na zabezpe\u010denie svojich slu\u017eieb. Medzi spracovate\u013eov, ktor\u00fdch vyu\u017e\u00edvame, patria:<\/p><ul><li>Websupport (spr\u00e1va webu) \u2013 v pr\u00edpade rie\u0161enia probl\u00e9mu na webovej str\u00e1nke airsports.sk, maj\u00fa pr\u00edstup k \u00fadajom<\/li><\/ul><p><br \/><strong>Ako dlho sprac\u00favame va\u0161e \u00fadaje<\/strong><br \/>Osobn\u00e9 \u00fadaje s\u00fa spracov\u00e1van\u00e9 a evidovan\u00e9 po cel\u00fa dobu, po ktor\u00fa trv\u00e1 v\u00e1\u0161 s\u00fahlas s ich evidovan\u00ed a zasielan\u00edm emailov\u00fdch a SMS newsletterov, pr\u00edpadne do doby, ne\u017e je vznesen\u00e1 n\u00e1mietka proti spracovaniu Va\u0161ich \u00fadajov za t\u00fdmto \u00fa\u010delom. Najdlh\u0161ie s\u00fa v\u0161ak obchodn\u00e9 ozn\u00e1menia zasielan\u00e9 po dobu 3 rokov. Potom V\u00e1s po\u017eiadame o udelenie nov\u00e9ho s\u00fahlasu.<br \/>Ak\u00e9 s\u00fa va\u0161e pr\u00e1va V s\u00favislosti so spracovan\u00edm osobn\u00fdch \u00fadajov sa m\u00f4\u017eete na n\u00e1s obr\u00e1ti\u0165 a po\u017eadova\u0165:<\/p><ul><li>Inform\u00e1cie oh\u013eadom osobn\u00fdch \u00fadajov, ktor\u00e9 spracov\u00e1vame, o \u00fa\u010dele a povahe sprac\u00favania osobn\u00fdch \u00fadajov, vr\u00e1tane inform\u00e1cie o pr\u00edpadn\u00fdch pr\u00edjemcoch osobn\u00fdch \u00fadajov mimo Airsports s.r.o. V\u0161eobecn\u00e9 inform\u00e1cie o \u010dinnostiach spracovania osobn\u00fdch \u00fadajov s\u00fa obsiahnut\u00e9 v t\u00fdchto pravidl\u00e1ch.<\/li><li>Pr\u00edstup k\u00a0\u00fadajom, ktor\u00e9 ste n\u00e1m poskytli, \u010di u\u017e v\u00a0priebehu registr\u00e1cie alebo vytvoren\u00ed objedn\u00e1vky. V\u00a0pr\u00edpade uplatnenia tohto pr\u00e1va V\u00e1m potvrd\u00edme, \u010di a\u00a0ak\u00e9 konkr\u00e9tne osobn\u00e9 \u00fadaje s\u00fa spracov\u00e1van\u00e9 a\u00a0pr\u00edpadne V\u00e1m bud\u00fa tieto \u00fadaje spr\u00edstupnen\u00e9 spolu s\u00a0inform\u00e1ciami o\u00a0ich spracovan\u00ed.<\/li><li>Opravu osobn\u00fdch \u00fadajov, ak s\u00fa akoko\u013evek nepresn\u00e9 alebo ne\u00fapln\u00e9. Iba v\u00a0pr\u00edpade aktu\u00e1lnych \u00fadajov m\u00f4\u017eeme spr\u00e1vne vybavi\u0165 Va\u0161u objedn\u00e1vku.<\/li><li>Vysvetlenie a\u00a0odstr\u00e1nenie nevyhovuj\u00faceho stavu\u00a0(napr. blok\u00e1ciu, opravu, doplnenie alebo likvid\u00e1ciu osobn\u00fdch \u00fadajov), ak sa domnievate, \u017ee spracov\u00e1vame va\u0161e osobn\u00e9 \u00fadaje v\u00a0rozpore s\u00a0ochranou V\u00e1\u0161ho osobn\u00e9ho a\u00a0s\u00fakromn\u00e9ho \u017eivota alebo v\u00a0rozpore s\u00a0pr\u00e1vnymi predpismi.<\/li><li>V\u00fdmaz osobn\u00fdch \u00fadajov\u00a0(tzv. pr\u00e1vo by\u0165 zabudnut\u00fd) alebo ich obmedzen\u00e9 spracovanie, ak u\u017e nie s\u00fa potrebn\u00e9 na uveden\u00e9 \u00fa\u010dely, alebo ak u\u017e nem\u00e1me z\u00e1konn\u00fd d\u00f4vod osobn\u00e9 \u00fadaje spracov\u00e1va\u0165, vr\u00e1tane pr\u00edpadov, ke\u010f s\u00a0ich \u010fal\u0161\u00edm spracovan\u00edm nes\u00fahlas\u00edte. V\u00a0r\u00e1mci splnenia uveden\u00fdch podmienok Va\u0161e \u00fadaje \u00faplne alebo \u010diasto\u010dne zlikvidujeme.<\/li><li>Prenesenie automatizovane spracov\u00e1van\u00fdch osobn\u00fdch \u00fadajov\u00a0z\u00edskan\u00fdch na z\u00e1klade V\u00e1\u0161ho s\u00fahlasu k\u00a0in\u00e9mu subjektu, kedy odovzd\u00e1me Va\u0161e osobn\u00e9 \u00fadaje v\u00a0be\u017ene pou\u017e\u00edvanom form\u00e1te V\u00e1m alebo in\u00e9mu spr\u00e1vcovi pod\u013ea V\u00e1\u0161ho \u017eelania.<\/li><\/ul><p><br \/>\u010ealej m\u00f4\u017eu na\u0161i z\u00e1kazn\u00edci\u00a0vznies\u0165 n\u00e1mietku proti spracovaniu osobn\u00fdch \u00fadajov\u00a0v\u00a0pr\u00edpade zasielania obchodn\u00fdch ozn\u00e1men\u00ed alebo vyhodnocovania n\u00e1kupn\u00fdch preferenci\u00ed, na z\u00e1klade ktorej okam\u017eite ukon\u010d\u00edme spracovanie osobn\u00fdch \u00fadajov pre tieto \u00fa\u010dely.<br \/>Mimo vy\u0161\u0161ie uveden\u00e9 opr\u00e1vnenia m\u00e1te v\u017edy mo\u017enos\u0165 obr\u00e1ti\u0165 sa v\u00a0pr\u00edpade poru\u0161enia na\u0161ich povinnost\u00ed so\u00a0s\u0165a\u017enos\u0165ou na \u00darad na ochranu osobn\u00fdch \u00fadajov.<br \/><br \/><strong>Bezpe\u010dnos\u0165<\/strong><br \/>Nakladanie s osobn\u00fdmi \u00fadajmi prebieha plne v s\u00falade s platn\u00fdmi pr\u00e1vnymi predpismi, vr\u00e1tane v\u0161eobecn\u00e9ho nariadenia o ochrane osobn\u00fdch \u00fadajov (GDPR). Db\u00e1me na bezpe\u010dnos\u0165 va\u0161ich osobn\u00fdch \u00fadajov a kladieme pri ich spracovan\u00ed ve\u013ek\u00fd d\u00f4raz na technick\u00e9 aj organiza\u010dn\u00e9 zabezpe\u010denie sprac\u00favan\u00fdch \u00fadajov.<br \/>V\u0161etky osobn\u00e9 \u00fadaje v elektronickej forme s\u00fa ulo\u017een\u00e9 v datab\u00e1zach a syst\u00e9moch, ku ktor\u00fdm maj\u00fa pr\u00edstup iba osoby, ktor\u00e9 potrebuj\u00fa s osobn\u00fdmi \u00fadajmi bezprostredne naklada\u0165 na \u00fa\u010dely uveden\u00e9 v t\u00fdchto pravidl\u00e1ch, a to len v nevyhnutnom rozsahu. Pr\u00edstup k t\u00fdmto osobn\u00fdm \u00fadajom je chr\u00e1nen\u00fd heslom a firewallom. Zabezpe\u010denie osobn\u00fdch \u00fadajov je zo na\u0161ej strany pravidelne testovan\u00e9 a ochranu priebe\u017ene vylep\u0161ujeme.<br \/><br \/><strong>Kontakt<\/strong><br \/>S ak\u00fdmiko\u013evek pripomienkami oh\u013eadne spracovania osobn\u00fdch \u00fadajov, alebo v pr\u00edpade uplatnenie svojich pr\u00e1v sa m\u00f4\u017eete na n\u00e1s obraca\u0165 emailom na adresu airsports@airsports.sk, alebo na telef\u00f3nnom \u010d\u00edsle 0944 369 496. Kontaktn\u00e1 osoba: Marek Pole\u0161ensk\u00fd<\/p>\t\t\t\t\t\t\t\t<\/div>\n\t\t\t\t<\/div>\n\t\t\t\t\t<\/div>\n\t\t\t\t<\/div>\n\t\t\t\t<\/div>\n\t\t","protected":false},"excerpt":{"rendered":"<p>S\u00fahlas so spracovan\u00edm osobn\u00fdch \u00fadajov S\u00fahlas so spracovan\u00edm osobn\u00fdch \u00fadajov, ktor\u00e9 z\u00edskavame s va\u0161\u00edm dobrovo\u013en\u00fdm s\u00fahlasom registr\u00e1ciou na str\u00e1nke\u00a0www.airsports.sk, pri vyplnen\u00ed webov\u00fdch formul\u00e1rov alebo ebookov, nepodlieha zmluvn\u00e9mu obchodn\u00e9mu vz\u0165ahu. Osobn\u00e9 \u00fadaje s\u00fa v tomto pr\u00edpade z\u00edskavan\u00e9 a spracov\u00e1van\u00e9 pod\u013ea z\u00e1kona \u010d. 704\/2017 Z.z o ochrane osobn\u00fdch \u00fadajov,\u00a0pod\u013ea \u010dl\u00e1nku 6 ods. 1 p\u00edsm. b) Nariadenie Eur\u00f3pskeho [&hellip;]<\/p>\n","protected":false},"author":1,"featured_media":0,"parent":0,"menu_order":0,"comment_status":"closed","ping_status":"closed","template":"","meta":{"pmpro_default_level":"","site-sidebar-layout":"no-sidebar","site-content-layout":"page-builder","ast-site-content-layout":"full-width-container","site-content-style":"default","site-sidebar-style":"default","ast-global-header-display":"","ast-banner-title-visibility":"","ast-main-header-display":"","ast-hfb-above-header-display":"","ast-hfb-below-header-display":"","ast-hfb-mobile-header-display":"","site-post-title":"disabled","ast-breadcrumbs-content":"","ast-featured-img":"disabled","footer-sml-layout":"","ast-disable-related-posts":"","theme-transparent-header-meta":"","adv-header-id-meta":"","stick-header-meta":"","header-above-stick-meta":"","header-main-stick-meta":"","header-below-stick-meta":"","astra-migrate-meta-layouts":"set","ast-page-background-enabled":"default","ast-page-background-meta":{"desktop":{"background-color":"","background-image":"","background-repeat":"repeat","background-position":"center center","background-size":"auto","background-attachment":"scroll","background-type":"","background-media":"","overlay-type":"","overlay-color":"","overlay-opacity":"","overlay-gradient":""},"tablet":{"background-color":"","background-image":"","background-repeat":"repeat","background-position":"center center","background-size":"auto","background-attachment":"scroll","background-type":"","background-media":"","overlay-type":"","overlay-color":"","overlay-opacity":"","overlay-gradient":""},"mobile":{"background-color":"","background-image":"","background-repeat":"repeat","background-position":"center center","background-size":"auto","background-attachment":"scroll","background-type":"","background-media":"","overlay-type":"","overlay-color":"","overlay-opacity":"","overlay-gradient":""}},"ast-content-background-meta":{"desktop":{"background-color":"var(--ast-global-color-4)","background-image":"","background-repeat":"repeat","background-position":"center center","background-size":"auto","background-attachment":"scroll","background-type":"","background-media":"","overlay-type":"","overlay-color":"","overlay-opacity":"","overlay-gradient":""},"tablet":{"background-color":"var(--ast-global-color-4)","background-image":"","background-repeat":"repeat","background-position":"center center","background-size":"auto","background-attachment":"scroll","background-type":"","background-media":"","overlay-type":"","overlay-color":"","overlay-opacity":"","overlay-gradient":""},"mobile":{"background-color":"var(--ast-global-color-4)","background-image":"","background-repeat":"repeat","background-position":"center center","background-size":"auto","background-attachment":"scroll","background-type":"","background-media":"","overlay-type":"","overlay-color":"","overlay-opacity":"","overlay-gradient":""}},"footnotes":""},"class_list":["post-2117","page","type-page","status-publish","hentry","pmpro-has-access"],"featured_image_src":null,"_links":{"self":[{"href":"https:\/\/www.airsports.sk\/web\/wp-json\/wp\/v2\/pages\/2117","targetHints":{"allow":["GET"]}}],"collection":[{"href":"https:\/\/www.airsports.sk\/web\/wp-json\/wp\/v2\/pages"}],"about":[{"href":"https:\/\/www.airsports.sk\/web\/wp-json\/wp\/v2\/types\/page"}],"author":[{"embeddable":true,"href":"https:\/\/www.airsports.sk\/web\/wp-json\/wp\/v2\/users\/1"}],"replies":[{"embeddable":true,"href":"https:\/\/www.airsports.sk\/web\/wp-json\/wp\/v2\/comments?post=2117"}],"version-history":[{"count":4,"href":"https:\/\/www.airsports.sk\/web\/wp-json\/wp\/v2\/pages\/2117\/revisions"}],"predecessor-version":[{"id":2122,"href":"https:\/\/www.airsports.sk\/web\/wp-json\/wp\/v2\/pages\/2117\/revisions\/2122"}],"wp:attachment":[{"href":"https:\/\/www.airsports.sk\/web\/wp-json\/wp\/v2\/media?parent=2117"}],"curies":[{"name":"wp","href":"https:\/\/api.w.org\/{rel}","templated":true}]}}